{"id":21915,"date":"2016-01-14T12:11:18","date_gmt":"2016-01-14T11:11:18","guid":{"rendered":"https:\/\/www.aficine.com\/ca\/?page_id=21915"},"modified":"2024-08-27T09:07:05","modified_gmt":"2024-08-27T08:07:05","slug":"opera-i-ballet","status":"publish","type":"page","link":"https:\/\/aficine.com\/ca\/opera-i-ballet\/","title":{"rendered":"\u00d2pera i ballet"},"content":{"rendered":"<p>Nova temporada dels directes m\u00e9s espectaculars de tots els temps d&#8217;\u00f2pera i ballet. Els preus promocionals, bons descomptes i tarifa Senior no s\u00f3n aplicables a aquests esdeveniments.   &nbsp;<\/p>\n","protected":false},"excerpt":{"rendered":"<p>Nova temporada dels directes m\u00e9s espectaculars de tots els temps d&#8217;\u00f2pera i ballet. Els preus promocionals, bons descomptes i tarifa Senior no s\u00f3n aplicables a aquests esdeveniments. &nbsp;<\/p>\n","protected":false},"author":1,"featured_media":0,"parent":0,"menu_order":0,"comment_status":"closed","ping_status":"closed","template":"template-opera-ballet.php","meta":{"_acf_changed":false,"footnotes":""},"class_list":["post-21915","page","type-page","status-publish","hentry"],"acf":[],"_links":{"self":[{"href":"https:\/\/aficine.com\/ca\/wp-json\/wp\/v2\/pages\/21915","targetHints":{"allow":["GET"]}}],"collection":[{"href":"https:\/\/aficine.com\/ca\/wp-json\/wp\/v2\/pages"}],"about":[{"href":"https:\/\/aficine.com\/ca\/wp-json\/wp\/v2\/types\/page"}],"author":[{"embeddable":true,"href":"https:\/\/aficine.com\/ca\/wp-json\/wp\/v2\/users\/1"}],"replies":[{"embeddable":true,"href":"https:\/\/aficine.com\/ca\/wp-json\/wp\/v2\/comments?post=21915"}],"version-history":[{"count":0,"href":"https:\/\/aficine.com\/ca\/wp-json\/wp\/v2\/pages\/21915\/revisions"}],"wp:attachment":[{"href":"https:\/\/aficine.com\/ca\/wp-json\/wp\/v2\/media?parent=21915"}],"curies":[{"name":"wp","href":"https:\/\/api.w.org\/{rel}","templated":true}]}}