{"id":21957,"date":"2016-01-15T15:08:41","date_gmt":"2016-01-15T14:08:41","guid":{"rendered":"https:\/\/www.aficine.com\/ca\/?page_id=21957"},"modified":"2024-04-03T12:51:12","modified_gmt":"2024-04-03T11:51:12","slug":"qui-som","status":"publish","type":"page","link":"https:\/\/aficine.com\/ca\/qui-som\/","title":{"rendered":"Qui som?"},"content":{"rendered":"<div class=\"wpb-content-wrapper\"><p>[vc_row css=&#8221;.vc_custom_1712130085138{margin-top: 30px !important;margin-bottom: 50px !important;}&#8221;][vc_column][vc_column_text]Aficine, som un grup empresarial que neix de la uni\u00f3 de dues fam\u00edlies empres\u00e0ries mallorquines, Sales i Servera, lligades hist\u00f2ricament a l&#8217;exhibici\u00f3 de cinema a l&#8217;illa. Vam emprendre un cam\u00ed com\u00fa, que poc a poc s&#8217;ha anat consolidant i expandint-se en les illes. A dia d&#8217;avui, Aficine \u00e9s l&#8217;empresa d&#8217;exhibici\u00f3 cinematogr\u00e0fica l\u00edder a Balears, compta amb <a href=\"https:\/\/www.aficine.com\/ca\/cines\/\"><b>\u00a06 multicinemes cada un d&#8217;ells amb personalitat pr\u00f2pia<\/b><\/a>, 40 sales, 7461 butaques i m\u00e9s de 25.000 socis. D&#8217;aquesta manera, en Aficine som els \u00fanics a oferir-te al mateix temps tota <a href=\"https:\/\/www.aficine.com\/ca\/cartelera\/\"> <b> la cartellera <\/b><\/a> tant en VOSE com en Versi\u00f3 Doblada, a m\u00e9s d&#8217;oferir altres g\u00e8neres d&#8217;entreteniment i cultura (\u00f2pera i ballet, exposicions, iniciatives socials &#8230;). Des del cinema convencional fins al m\u00e9s renovat amb les \u00faltimes tecnologies 4D.<\/p>\n<p>Aficine, som els teus cinemes de sempre i els teus cinemes d&#8217;avui. TEUS cinemes m\u00e9s propers pensats per a tu, sempre al millor preu.<\/p>\n<p>Forma part de la fam\u00edlia cin\u00e8fila de Balears amb la nostra <a href=\"https:\/\/www.aficine.com\/ca\/fes-te-soci\/\"><strong>targeta de soci Aficine <\/strong><\/a>, totalment gratu\u00efta. Aprofita avantatges,<a href=\"https:\/\/www.aficine.com\/ca\/promociones\/\"><strong> promocions<\/strong><\/a> i regals. A m\u00e9s, segueix-nos en les nostres xarxes i assabenta&#8217;t de totes les novetats.[\/vc_column_text][vc_raw_html css=&#8221;.vc_custom_1712145020667{margin-top: 15px !important;}&#8221;]JTNDYSUyMGNsYXNzJTNEJTIyYm94ZWQtaWNvbiUyMHR3aXR0ZXIlMjBpY29uLTF4JTIyJTIwdGFyZ2V0JTNEJTIyX2JsYW5rJTIyJTIwaHJlZiUzRCUyMmh0dHBzJTNBJTJGJTJGd3d3LnlvdXR1YmUuY29tJTJGdXNlciUyRmFmaWNpbmUlMjIlM0UlMEElM0NpJTIwY2xhc3MlM0QlMjJmYSUyMGZhLXlvdXR1YmUlMjIlM0UlM0MlMkZpJTNFJTBBJTNDJTJGYSUzRSUwQSUzQ2ElMjBjbGFzcyUzRCUyMmJveGVkLWljb24lMjBmYWNlYm9vayUyMGljb24tMXglMjIlMjB0YXJnZXQlM0QlMjJfYmxhbmslMjIlMjBocmVmJTNEJTIyaHR0cHMlM0ElMkYlMkZ3d3cuZmFjZWJvb2suY29tJTJGYWZpY2luZSUyMiUzRSUwQSUzQ2klMjBjbGFzcyUzRCUyMmljb24tYnVkaWNvbi04MzQlMjIlM0UlM0MlMkZpJTNFJTBBJTNDJTJGYSUzRSUwQSUzQ2ElMjBjbGFzcyUzRCUyMmJveGVkLWljb24lMjB0d2l0dGVyJTIwaWNvbi0xeCUyMiUyMHRhcmdldCUzRCUyMl9ibGFuayUyMiUyMGhyZWYlM0QlMjJodHRwcyUzQSUyRiUyRnR3aXR0ZXIuY29tJTJGYWZpY2luZWliJTIyJTNFJTBBJTNDc3ZnJTIweG1sbnMlM0QlMjJodHRwJTNBJTJGJTJGd3d3LnczLm9yZyUyRjIwMDAlMkZzdmclMjIlMjB3aWR0aCUzRCUyMjE0JTIyJTIwaGVpZ2h0JTNEJTIyMTQlMjIlMjBjbGFzcyUzRCUyMmJpJTIwYmktdHdpdHRlci14JTIyJTIwdmlld0JveCUzRCUyMjAlMjAwJTIwMTYlMjAxNiUyMiUzRSUwQSUyMCUyMCUzQ3BhdGglMjBkJTNEJTIyTTEyLjYuNzVoMi40NTRsLTUuMzYlMjA2LjE0MkwxNiUyMDE1LjI1aC00LjkzN2wtMy44NjctNS4wNy00LjQyNSUyMDUuMDdILjMxNmw1LjczMy02LjU3TDAlMjAuNzVoNS4wNjNsMy40OTUlMjA0LjYzM0wxMi42MDEuNzVabS0uODYlMjAxMy4wMjhoMS4zNkw0LjMyMyUyMDIuMTQ1SDIuODY1eiUyMiUyRiUzRSUwQSUzQyUyRnN2ZyUzRSUwQSUzQyUyRmElM0UlMEElM0NhJTIwY2xhc3MlM0QlMjJib3hlZC1pY29uJTIwdHdpdHRlciUyMGljb24tMXglMjIlMjB0YXJnZXQlM0QlMjJfYmxhbmslMjIlMjBocmVmJTNEJTIyaHR0cHMlM0ElMkYlMkZwbHVzLmdvb2dsZS5jb20lMkYlMkJhZmljaW5lJTJGcG9zdHMlMjIlM0UlMEElM0NpJTIwY2xhc3MlM0QlMjJmYSUyMGZhLWdvb2dsZS1wbHVzJTIyJTNFJTNDJTJGaSUzRSUwQSUzQyUyRmElM0U=[\/vc_raw_html][\/vc_column][\/vc_row][vc_row css=&#8221;.vc_custom_1460991248773{margin-bottom: 25px !important;}&#8221;][vc_column width=&#8221;1\/3&#8243;]<a  href=\"https:\/\/aficine.com\/ca\/cine\/ocimaxpalma\/\" target=\"\" title=\"Cines Ocimax\"><img decoding=\"async\" class=\"animation bottom-to-top  full \" src=\"https:\/\/aficine.com\/wp-content\/uploads\/2024\/04\/Captura-de-pantalla-2024-03-26-140725.png\" width=\"387\" height=\"220\" alt=\"Captura de pantalla 2024-03-26 140725\" title=\"Captura de pantalla 2024-03-26 140725\" loading=\"lazy\" \/><\/a>[\/vc_column][vc_column width=&#8221;1\/3&#8243;]<a  href=\"https:\/\/aficine.com\/ca\/cine\/augusta\/\" target=\"\" title=\"Cines Augusta\"><img decoding=\"async\" class=\"animation bottom-to-top  full \" src=\"https:\/\/aficine.com\/wp-content\/uploads\/2024\/04\/Captura-de-pantalla-2024-03-26-153152-387x220.png\" width=\"387\" height=\"220\" alt=\"Captura de pantalla 2024-03-26 153152\" title=\"Captura de pantalla 2024-03-26 153152\" loading=\"lazy\" \/><\/a>[\/vc_column][vc_column width=&#8221;1\/3&#8243;]<a  href=\"https:\/\/aficine.com\/ca\/cine\/rivoli\/\" target=\"\" title=\"Cines Rivoli\"><img decoding=\"async\" class=\"animation bottom-to-top  full \" src=\"https:\/\/aficine.com\/wp-content\/uploads\/2024\/04\/Captura-de-pantalla-2024-03-26-153316-387x220.png\" width=\"387\" height=\"220\" alt=\"Captura de pantalla 2024-03-26 153316\" title=\"Captura de pantalla 2024-03-26 153316\" loading=\"lazy\" \/><\/a>[\/vc_column][\/vc_row][vc_row css=&#8221;.vc_custom_1460991248773{margin-bottom: 25px !important;}&#8221;][vc_column width=&#8221;1\/3&#8243;]<a  href=\"https:\/\/aficine.com\/ca\/cine\/manacor\/\" target=\"\" title=\"Cines Manacor\"><img decoding=\"async\" class=\"animation bottom-to-top  full \" src=\"https:\/\/aficine.com\/wp-content\/uploads\/2024\/04\/Captura-de-pantalla-2024-03-26-153458-387x220.png\" width=\"387\" height=\"220\" alt=\"Captura de pantalla 2024-03-26 153458\" title=\"Captura de pantalla 2024-03-26 153458\" loading=\"lazy\" \/><\/a>[\/vc_column][vc_column width=&#8221;1\/3&#8243;]<a  href=\"https:\/\/aficine.com\/ca\/cine\/manacor\/\" target=\"\" title=\"Cines Manacor\"><img decoding=\"async\" class=\"animation bottom-to-top  full \" src=\"https:\/\/aficine.com\/wp-content\/uploads\/2024\/04\/Captura-de-pantalla-2024-03-26-153840-387x220.png\" width=\"387\" height=\"220\" alt=\"Captura de pantalla 2024-03-26 153840\" title=\"Captura de pantalla 2024-03-26 153840\" loading=\"lazy\" \/><\/a>[\/vc_column][vc_column width=&#8221;1\/3&#8243;]<a  href=\"https:\/\/aficine.com\/ca\/cine\/manacor\/\" target=\"\" title=\"Cines Manacor\"><img decoding=\"async\" class=\"animation bottom-to-top  full \" src=\"https:\/\/aficine.com\/wp-content\/uploads\/2024\/04\/Captura-de-pantalla-2024-03-26-154043-387x220.png\" width=\"387\" height=\"220\" alt=\"Captura de pantalla 2024-03-26 154043\" title=\"Captura de pantalla 2024-03-26 154043\" loading=\"lazy\" \/><\/a>[\/vc_column][\/vc_row]<\/p>\n<\/div>","protected":false},"excerpt":{"rendered":"<p>[vc_row css=&#8221;.vc_custom_1712130085138{margin-top: 30px !important;margin-bottom: 50px !important;}&#8221;][vc_column][vc_column_text]Aficine, som un grup empresarial que neix de la uni\u00f3 de dues fam\u00edlies empres\u00e0ries mallorquines, Sales i Servera, lligades hist\u00f2ricament a l&#8217;exhibici\u00f3 de cinema a l&#8217;illa. Vam emprendre un cam\u00ed com\u00fa, que poc a poc s&#8217;ha anat consolidant i expandint-se en les illes. A dia d&#8217;avui, Aficine \u00e9s l&#8217;empresa d&#8217;exhibici\u00f3 [&hellip;]<\/p>\n","protected":false},"author":1,"featured_media":0,"parent":0,"menu_order":0,"comment_status":"closed","ping_status":"closed","template":"","meta":{"_acf_changed":false,"footnotes":""},"class_list":["post-21957","page","type-page","status-publish","hentry"],"acf":[],"_links":{"self":[{"href":"https:\/\/aficine.com\/ca\/wp-json\/wp\/v2\/pages\/21957","targetHints":{"allow":["GET"]}}],"collection":[{"href":"https:\/\/aficine.com\/ca\/wp-json\/wp\/v2\/pages"}],"about":[{"href":"https:\/\/aficine.com\/ca\/wp-json\/wp\/v2\/types\/page"}],"author":[{"embeddable":true,"href":"https:\/\/aficine.com\/ca\/wp-json\/wp\/v2\/users\/1"}],"replies":[{"embeddable":true,"href":"https:\/\/aficine.com\/ca\/wp-json\/wp\/v2\/comments?post=21957"}],"version-history":[{"count":0,"href":"https:\/\/aficine.com\/ca\/wp-json\/wp\/v2\/pages\/21957\/revisions"}],"wp:attachment":[{"href":"https:\/\/aficine.com\/ca\/wp-json\/wp\/v2\/media?parent=21957"}],"curies":[{"name":"wp","href":"https:\/\/api.w.org\/{rel}","templated":true}]}}