{"id":21970,"date":"2016-01-15T12:37:18","date_gmt":"2016-01-15T11:37:18","guid":{"rendered":"https:\/\/www.aficine.com\/ca\/?page_id=21970"},"modified":"2025-07-31T09:37:29","modified_gmt":"2025-07-31T08:37:29","slug":"contacte","status":"publish","type":"page","link":"https:\/\/aficine.com\/ca\/contacte\/","title":{"rendered":"Contacte"},"content":{"rendered":"<div class=\"wpb-content-wrapper\"><p>[vc_row css=&#8221;.vc_custom_1452858034008{margin-bottom: 20px !important;}&#8221;][vc_column width=&#8221;2\/3&#8243; el_class=&#8221;formulario-contacto&#8221; css=&#8221;.vc_custom_1681208191386{padding-top: 50px !important;padding-bottom: 50px !important;}&#8221;][vc_column_text]<\/p>\n<h2 style=\"text-align: center;\">Envia&#8217;ns un missatge<\/h2>\n<p>[\/vc_column_text][vc_column_text css=&#8221;&#8221;]<\/p>\n<div class=\"cabecera-form-contacto\">\n<p>Gr\u00e0cies pel teu inter\u00e8s a ajudar-nos a millorar!<\/p>\n<p>Pots enviar-nos els teus suggeriments omplint el formulari o, si ho prefereixes, escrivint-nos directament a <a href=\"mailto:info@aficine.com\">info@aficine.com<\/a> . El nostre horari d&#8217;atenci\u00f3 \u00e9s de dilluns a divendres, no festius, de 9.00 a 14.00 hores. Fora d&#8217;aquest horari, el nostre personal a la taquilla del teu cinema estar\u00e0 encantat d&#8217;atendre&#8217;t.  <\/p>\n<p>Lamentem qualsevol mol\u00e8stia que aix\u00f2 pugui ocasionar i agra\u00efm molt la teva comprensi\u00f3 i col\u00b7laboraci\u00f3.<\/p>\n<p>&nbsp;<\/p>\n<\/div>\n<p>[\/vc_column_text]\n<div class=\"wpcf7 no-js\" id=\"wpcf7-f86-o1\" lang=\"es-ES\" dir=\"ltr\" data-wpcf7-id=\"86\">\n<div class=\"screen-reader-response\"><p role=\"status\" aria-live=\"polite\" aria-atomic=\"true\"><\/p> <ul><\/ul><\/div>\n<form action=\"\/ca\/wp-json\/wp\/v2\/pages\/21970#wpcf7-f86-o1\" method=\"post\" class=\"wpcf7-form init\" aria-label=\"Formulario de contacto\" novalidate=\"novalidate\" data-status=\"init\">\n<fieldset class=\"hidden-fields-container\"><input type=\"hidden\" name=\"_wpcf7\" value=\"86\" \/><input type=\"hidden\" name=\"_wpcf7_version\" value=\"6.1.5\" \/><input type=\"hidden\" name=\"_wpcf7_locale\" value=\"es_ES\" \/><input type=\"hidden\" name=\"_wpcf7_unit_tag\" value=\"wpcf7-f86-o1\" \/><input type=\"hidden\" name=\"_wpcf7_container_post\" value=\"0\" \/><input type=\"hidden\" name=\"_wpcf7_posted_data_hash\" value=\"\" \/><input type=\"hidden\" name=\"_wpcf7_recaptcha_response\" value=\"\" \/>\n<\/fieldset>\n<p>Nombre (requerido)\n<\/p>\n<p><span class=\"wpcf7-form-control-wrap\" data-name=\"your-name\"><input size=\"40\" maxlength=\"400\" class=\"wpcf7-form-control wpcf7-text wpcf7-validates-as-required\" aria-required=\"true\" aria-invalid=\"false\" value=\"\" type=\"text\" name=\"your-name\" \/><\/span>\n<\/p>\n<p>Correo electr\u00f3nico (requerido)\n<\/p>\n<p><span class=\"wpcf7-form-control-wrap\" data-name=\"your-email\"><input size=\"40\" maxlength=\"400\" class=\"wpcf7-form-control wpcf7-email wpcf7-validates-as-required wpcf7-text wpcf7-validates-as-email\" aria-required=\"true\" aria-invalid=\"false\" value=\"\" type=\"email\" name=\"your-email\" \/><\/span>\n<\/p>\n<p>Asunto (requerido)\n<\/p>\n<p><span class=\"wpcf7-form-control-wrap\" data-name=\"your-subject\"><input size=\"40\" maxlength=\"400\" class=\"wpcf7-form-control wpcf7-text wpcf7-validates-as-required\" aria-required=\"true\" aria-invalid=\"false\" value=\"\" type=\"text\" name=\"your-subject\" \/><\/span>\n<\/p>\n<p>Mensaje (requerido)\n<\/p>\n<p><span class=\"wpcf7-form-control-wrap\" data-name=\"your-message\"><textarea cols=\"40\" rows=\"10\" maxlength=\"2000\" class=\"wpcf7-form-control wpcf7-textarea wpcf7-validates-as-required\" aria-required=\"true\" aria-invalid=\"false\" name=\"your-message\"><\/textarea><\/span>\n<\/p>\n\n<p><span class=\"wpcf7-form-control-wrap\" data-name=\"acceptance-612\"><span class=\"wpcf7-form-control wpcf7-acceptance\"><span class=\"wpcf7-list-item\"><label><input type=\"checkbox\" name=\"acceptance-612\" value=\"1\" aria-invalid=\"false\" \/><span class=\"wpcf7-list-item-label\">Acepto expreso la <a href=\"https:\/\/www.aficine.com\/aviso-legal\/\" target=\"_blank\">Pol\u00edtica de Privacidad<\/a><\/span><\/label><\/span><\/span><\/span>\n<\/p>\n<p><input class=\"wpcf7-form-control wpcf7-submit has-spinner\" type=\"submit\" value=\"Enviar\" \/>\n<\/p><div class=\"wpcf7-response-output\" aria-hidden=\"true\"><\/div>\n<\/form>\n<\/div>\n[vc_column_text]<\/p>\n<div class=\"clausula-contacto\" style=\"font-size: 10px;\"><b>Cl\u00e0usula d&#8217;enviament de Socis<\/b><br \/>\n D&#8217;acord amb el que preveu la Llei Org\u00e0nica de Protecci\u00f3 de Dades de Car\u00e0cter Personal, Llei 15\/1999 de 13 de desembre (d&#8217;ara endavant LOPD), AFICINE us informa que les dades obtingudes a trav\u00e9s d&#8217;aquest formulari seran incloses en un fitxer mixt denominat SOCIS, inscrit al Registre de l&#8217;Ag\u00e8ncia de Protecci\u00f33 Dades2 amb n\u00famero 3 Fitxer \u00e9s MULTICINES PORTO PI, SL amb domicili al c\/. Bisbe Pere de Puigdorfila, 1 (Cines Ocimax) 07010 &#8211; Palma de Mallorca i CIF B-07685779.<br \/>\n Vost\u00e8 consent expressament el tractament d&#8217;aquestes dades amb la finalitat d&#8217;enviar-vos informaci\u00f3 per qualsevol mitj\u00e0 sobre els nostres productes, serveis, ofertes o promocions especials per a la qual cosa podrem elaborar perfils d&#8217;usuari que ens permetin realitzar-vos ofertes personalitzades.  Aix\u00ed mateix vost\u00e8 consenteix expressament que les seves dades siguin cedides al GRUP D&#8217;EMPRESES ASSOCIADES A MULTICINES PORTO PI, SL comunicat a l&#8217;Ag\u00e8ncia de Protecci\u00f3 de Dades amb data 27 d&#8217;abril de 2009 i amb id\u00e8ntica finalitat a la recollida ut supra. Us informem que d&#8217;acord amb la LOPD podreu exercir gratu\u00eftament els vostres drets d&#8217;acc\u00e9s, rectificaci\u00f3, cancel\u00b7laci\u00f3 i oposici\u00f3 dirigint un escrit a MULTICINES PORTO PI, SL amb domicili al c\/. Bisbe Pere de Puigdorfila, 1 (Cines Ocimax) 07010 &#8211; Palma de Mallorca.<\/div>\n<p>[\/vc_column_text][\/vc_column][vc_column width=&#8221;1\/3&#8243;]<img decoding=\"async\" class=\"   \" src=\"https:\/\/aficine.com\/wp-content\/uploads\/2024\/04\/Captura-de-pantalla-2024-03-26-140725-300x130.png\" width=\"300\" height=\"130\" alt=\"Captura de pantalla 2024-03-26 140725\" title=\"Captura de pantalla 2024-03-26 140725\" loading=\"lazy\" \/><img decoding=\"async\" class=\"   \" src=\"https:\/\/aficine.com\/wp-content\/uploads\/2024\/04\/Captura-de-pantalla-2024-03-26-153316-300x130.png\" width=\"300\" height=\"130\" alt=\"Captura de pantalla 2024-03-26 153316\" title=\"Captura de pantalla 2024-03-26 153316\" loading=\"lazy\" \/><img decoding=\"async\" class=\"   \" src=\"https:\/\/aficine.com\/wp-content\/uploads\/2024\/04\/Captura-de-pantalla-2024-03-26-153152-300x130.png\" width=\"300\" height=\"130\" alt=\"Captura de pantalla 2024-03-26 153152\" title=\"Captura de pantalla 2024-03-26 153152\" loading=\"lazy\" \/><img decoding=\"async\" class=\"   \" src=\"https:\/\/aficine.com\/wp-content\/uploads\/2024\/04\/Captura-de-pantalla-2024-03-26-153458-300x130.png\" width=\"300\" height=\"130\" alt=\"Captura de pantalla 2024-03-26 153458\" title=\"Captura de pantalla 2024-03-26 153458\" loading=\"lazy\" \/><img decoding=\"async\" class=\"   \" src=\"https:\/\/aficine.com\/wp-content\/uploads\/2024\/04\/Captura-de-pantalla-2024-03-26-154043-300x130.png\" width=\"300\" height=\"130\" alt=\"Captura de pantalla 2024-03-26 154043\" title=\"Captura de pantalla 2024-03-26 154043\" loading=\"lazy\" \/><img decoding=\"async\" class=\"   \" src=\"https:\/\/aficine.com\/wp-content\/uploads\/2024\/04\/Captura-de-pantalla-2024-03-26-153840-300x130.png\" width=\"300\" height=\"130\" alt=\"Captura de pantalla 2024-03-26 153840\" title=\"Captura de pantalla 2024-03-26 153840\" loading=\"lazy\" \/>[\/vc_column][\/vc_row]<\/p>\n<\/div>","protected":false},"excerpt":{"rendered":"<p>[vc_row css=&#8221;.vc_custom_1452858034008{margin-bottom: 20px !important;}&#8221;][vc_column width=&#8221;2\/3&#8243; el_class=&#8221;formulario-contacto&#8221; css=&#8221;.vc_custom_1681208191386{padding-top: 50px !important;padding-bottom: 50px !important;}&#8221;][vc_column_text] Envia&#8217;ns un missatge [\/vc_column_text][vc_column_text css=&#8221;&#8221;] Gr\u00e0cies pel teu inter\u00e8s a ajudar-nos a millorar! Pots enviar-nos els teus suggeriments omplint el formulari o, si ho prefereixes, escrivint-nos directament a info@aficine.com . El nostre horari d&#8217;atenci\u00f3 \u00e9s de dilluns a divendres, no festius, de 9.00 a [&hellip;]<\/p>\n","protected":false},"author":1,"featured_media":0,"parent":0,"menu_order":0,"comment_status":"closed","ping_status":"closed","template":"","meta":{"_acf_changed":false,"footnotes":""},"class_list":["post-21970","page","type-page","status-publish","hentry"],"acf":[],"_links":{"self":[{"href":"https:\/\/aficine.com\/ca\/wp-json\/wp\/v2\/pages\/21970","targetHints":{"allow":["GET"]}}],"collection":[{"href":"https:\/\/aficine.com\/ca\/wp-json\/wp\/v2\/pages"}],"about":[{"href":"https:\/\/aficine.com\/ca\/wp-json\/wp\/v2\/types\/page"}],"author":[{"embeddable":true,"href":"https:\/\/aficine.com\/ca\/wp-json\/wp\/v2\/users\/1"}],"replies":[{"embeddable":true,"href":"https:\/\/aficine.com\/ca\/wp-json\/wp\/v2\/comments?post=21970"}],"version-history":[{"count":0,"href":"https:\/\/aficine.com\/ca\/wp-json\/wp\/v2\/pages\/21970\/revisions"}],"wp:attachment":[{"href":"https:\/\/aficine.com\/ca\/wp-json\/wp\/v2\/media?parent=21970"}],"curies":[{"name":"wp","href":"https:\/\/api.w.org\/{rel}","templated":true}]}}