{"id":37756,"date":"2018-05-29T09:54:14","date_gmt":"2018-05-29T08:54:14","guid":{"rendered":"https:\/\/www.aficine.com\/cia-balear-de-exhibicion-cinematografica-s-l\/"},"modified":"2018-06-04T10:42:16","modified_gmt":"2018-06-04T09:42:16","slug":"informacio-corporativa","status":"publish","type":"page","link":"https:\/\/aficine.com\/ca\/informacio-corporativa\/","title":{"rendered":"Informaci\u00f3 Corporativa"},"content":{"rendered":"<div class=\"cia-container\">\n<div class=\"pdf-cia-info\">\n<p><strong>COMPA\u00d1\u00cdA BALEAR DE EXHIBICI\u00d3N CINEMATOGR\u00c1FICA, S.L.<br \/><\/strong><\/p>\n<div class=\"pdf-cia-info\">\n<p>Domicilio social:<br \/><a href=\"https:\/\/www.google.com\/maps?q=C\/+Bisbe+Pere+Puigdorfila,+1+07010+Palma&amp;entry=gmail&amp;source=g\" target=\"_blank\" rel=\"noopener\">C\/ Bisbe Pere Puigdorfila, 1<br \/>07010 Palma (I.Balears)<\/a><\/p>\n<p>CIF: B07685779<\/p>\n<p>Inscrita en el Registro Mercantil de Palma, Hoja PM-17837, Tomo 1190, Folio 20.<\/p>\n<\/div>\n<\/div>\n<table id=\"pdf-cia-container\">\n<tr class=\"pdf-cia-row\">\n<td class=\"pdf-cia-archivo\"><a href=\"https:\/\/www.aficine.com\/wp-content\/uploads\/2018\/05\/Convocatoria-JGO-Ci\u0301a.-BALEAR-EXHIBICIo\u0301N-CINEMATOGRa\u0301FICA-SL-28062018.pdf\" target=\"_blank\" rel=\"noopener\"><img loading=\"lazy\" decoding=\"async\" class=\"aligncenter size-full wp-image-37754\" src=\"https:\/\/www.aficine.com\/wp-content\/uploads\/2018\/05\/pdf-icon.png\"alt=\"COMPA\u00d1\u00cdA BALEAR DE EXHIBICI\u00d3N CINEMATOGR\u00c1FICA, S.L.\" width=\"58\" height=\"58\"><\/a><\/td>\n<td class=\"pdf-cia-info\">\n<p><strong>COMPA\u00d1\u00cdA BALEAR DE EXHIBICI\u00d3N CINEMATOGR\u00c1FICA, S.L.<br \/>(ANTES MULTICINES PORTO PI, S.L.)<\/strong><\/p>\n<\/td>\n<td class=\"pdf-cia-fecha\">29\/05\/2018<\/td>\n<\/tr>\n<\/table>\n<\/div>\n","protected":false},"excerpt":{"rendered":"<p>COMPA\u00d1\u00cdA BALEAR DE EXHIBICI\u00d3N CINEMATOGR\u00c1FICA, S.L. Domicilio social:C\/ Bisbe Pere Puigdorfila, 107010 Palma (I.Balears) CIF: B07685779 Inscrita en el Registro Mercantil de Palma, Hoja PM-17837, Tomo 1190, Folio 20. COMPA\u00d1\u00cdA BALEAR DE EXHIBICI\u00d3N CINEMATOGR\u00c1FICA, S.L.(ANTES MULTICINES PORTO PI, S.L.) 29\/05\/2018<\/p>\n","protected":false},"author":2,"featured_media":0,"parent":0,"menu_order":0,"comment_status":"closed","ping_status":"closed","template":"","meta":{"_acf_changed":false,"footnotes":""},"class_list":["post-37756","page","type-page","status-publish","hentry"],"acf":[],"_links":{"self":[{"href":"https:\/\/aficine.com\/ca\/wp-json\/wp\/v2\/pages\/37756","targetHints":{"allow":["GET"]}}],"collection":[{"href":"https:\/\/aficine.com\/ca\/wp-json\/wp\/v2\/pages"}],"about":[{"href":"https:\/\/aficine.com\/ca\/wp-json\/wp\/v2\/types\/page"}],"author":[{"embeddable":true,"href":"https:\/\/aficine.com\/ca\/wp-json\/wp\/v2\/users\/2"}],"replies":[{"embeddable":true,"href":"https:\/\/aficine.com\/ca\/wp-json\/wp\/v2\/comments?post=37756"}],"version-history":[{"count":0,"href":"https:\/\/aficine.com\/ca\/wp-json\/wp\/v2\/pages\/37756\/revisions"}],"wp:attachment":[{"href":"https:\/\/aficine.com\/ca\/wp-json\/wp\/v2\/media?parent=37756"}],"curies":[{"name":"wp","href":"https:\/\/api.w.org\/{rel}","templated":true}]}}