{"id":88092,"date":"2023-07-05T12:10:50","date_gmt":"2023-07-05T11:10:50","guid":{"rendered":"https:\/\/www.aficine.com\/cinema-senior-preu-2e\/"},"modified":"2026-05-05T11:51:48","modified_gmt":"2026-05-05T10:51:48","slug":"cinema-senior-preu-2e","status":"publish","type":"page","link":"https:\/\/aficine.com\/ca\/cinema-senior-preu-2e\/","title":{"rendered":"CINEMA S\u00c8NIOR Preu 2\u20ac"},"content":{"rendered":"<div class=\"wpb-content-wrapper\"><p>[vc_row][vc_column width=&#8221;2\/3&#8243; css=&#8221;.vc_custom_1688556200160{margin-top: 40px !important;margin-bottom: 40px !important;}&#8221;][vc_column_text css=&#8221;&#8221;]<\/p>\n<p style=\"font-weight: 400;\">El dimarts <strong>24 de juny de 2025<\/strong> torna el programa <strong>Cinema S\u00e8nior<\/strong>, gr\u00e0cies al qual les persones <strong>majors de 65 anys<\/strong> podran anar al cinema per <strong>2 euros, un dia a la setmana<\/strong>, en sales de tota Espanya.<\/p>\n<p>Les sales de\u00a0<strong>Aficine<\/strong>\u00a0s&#8217;han adherit a aquesta iniciativa impulsada pel Govern per a fomentar la volta del p\u00fablic als cinemes.<\/p>\n<p style=\"font-weight: 400;\"><strong>Condicions per a beneficiar-se de la promoci\u00f3<\/strong><br \/>\n\u2022 Tenir 65 anys o m\u00e9s.<br \/>\n\u2022 Les entrades poden comprar-se tamb\u00e9 en l\u00ednia.<br \/>\n\u2022 Ser\u00e0 obligatori acreditar l&#8217;edat amb el DNI en l&#8217;acc\u00e9s a la sala.<br \/>\n\u2022 La promoci\u00f3 s&#8217;aplica a totes les sessions en els dies indicats a continuaci\u00f3:<\/p>\n<p style=\"font-weight: 400;\"><strong>DIMARTS<\/strong><\/p>\n<ul>\n<li>Ocimax\u00a0Palma<\/li>\n<li>Rivoli Aficine<\/li>\n<\/ul>\n<p style=\"font-weight: 400;\"><strong>Important<\/strong><br \/>\n\u2022 No s&#8217;admeten devolucions una vegada realitzada la compra.<br \/>\n\u2022 La promoci\u00f3 no \u00e9s v\u00e0lida per a sales VIP, Exclusivament, 3D, Butaca Club ni per a esdeveniments especials.<\/p>\n<p><strong>AVISO<\/strong><br \/>\nLa convocat\u00f2ria <strong>S\u00c8NIOR 2026<\/strong> esgotada en els seg\u00fcents recintes:<\/p>\n<ul>\n<li>Augusta\u00a0Aficine<\/li>\n<li>Manacor Aficine<\/li>\n<li>Eivissa\u00a0Aficine<\/li>\n<li>Ocimax\u00a0Ma\u00f3\u00a0Aficine<\/li>\n<\/ul>\n<p style=\"font-weight: 400;\">Amb el finan\u00e7ament de l&#8217;Institut de la Cinematografia i de les Arts Audiovisuals\/Ministeri de Cultura i Esport\/Govern d&#8217;Espanya<\/p>\n<p>[\/vc_column_text][\/vc_column][vc_column width=&#8221;1\/3&#8243; css=&#8221;.vc_custom_1688556040251{margin-top: 40px !important;margin-bottom: 40px !important;padding-bottom: 25px !important;}&#8221;]<img loading=\"lazy\" decoding=\"async\" width=\"581\" height=\"798\" src=\"https:\/\/aficine.com\/wp-content\/uploads\/2026\/04\/Cartel-web-senior_cat-generico.jpg\" class=\"   attachment-full\" alt=\"\" title=\"Cartel-web senior_cat generico\" srcset=\"https:\/\/aficine.com\/wp-content\/uploads\/2026\/04\/Cartel-web-senior_cat-generico.jpg 581w, https:\/\/aficine.com\/wp-content\/uploads\/2026\/04\/Cartel-web-senior_cat-generico-218x300.jpg 218w, https:\/\/aficine.com\/wp-content\/uploads\/2026\/04\/Cartel-web-senior_cat-generico-200x275.jpg 200w, https:\/\/aficine.com\/wp-content\/uploads\/2026\/04\/Cartel-web-senior_cat-generico-382x524.jpg 382w\" sizes=\"auto, (max-width: 581px) 100vw, 581px\" \/>[\/vc_column][\/vc_row]<\/p>\n<\/div>","protected":false},"excerpt":{"rendered":"<p>[vc_row][vc_column width=&#8221;2\/3&#8243; css=&#8221;.vc_custom_1688556200160{margin-top: 40px !important;margin-bottom: 40px !important;}&#8221;][vc_column_text css=&#8221;&#8221;] El dimarts 24 de juny de 2025 torna el programa Cinema S\u00e8nior, gr\u00e0cies al qual les persones majors de 65 anys podran anar al cinema per 2 euros, un dia a la setmana, en sales de tota Espanya. Les sales de\u00a0Aficine\u00a0s&#8217;han adherit a aquesta iniciativa impulsada pel [&hellip;]<\/p>\n","protected":false},"author":1,"featured_media":0,"parent":0,"menu_order":0,"comment_status":"closed","ping_status":"closed","template":"","meta":{"_acf_changed":false,"footnotes":""},"class_list":["post-88092","page","type-page","status-publish","hentry"],"acf":[],"_links":{"self":[{"href":"https:\/\/aficine.com\/ca\/wp-json\/wp\/v2\/pages\/88092","targetHints":{"allow":["GET"]}}],"collection":[{"href":"https:\/\/aficine.com\/ca\/wp-json\/wp\/v2\/pages"}],"about":[{"href":"https:\/\/aficine.com\/ca\/wp-json\/wp\/v2\/types\/page"}],"author":[{"embeddable":true,"href":"https:\/\/aficine.com\/ca\/wp-json\/wp\/v2\/users\/1"}],"replies":[{"embeddable":true,"href":"https:\/\/aficine.com\/ca\/wp-json\/wp\/v2\/comments?post=88092"}],"version-history":[{"count":9,"href":"https:\/\/aficine.com\/ca\/wp-json\/wp\/v2\/pages\/88092\/revisions"}],"predecessor-version":[{"id":117725,"href":"https:\/\/aficine.com\/ca\/wp-json\/wp\/v2\/pages\/88092\/revisions\/117725"}],"wp:attachment":[{"href":"https:\/\/aficine.com\/ca\/wp-json\/wp\/v2\/media?parent=88092"}],"curies":[{"name":"wp","href":"https:\/\/api.w.org\/{rel}","templated":true}]}}