{"id":95833,"date":"2024-06-03T08:21:36","date_gmt":"2024-06-03T07:21:36","guid":{"rendered":"https:\/\/www.aficine.com\/sistema-intern-dinformacio\/"},"modified":"2024-06-03T09:22:11","modified_gmt":"2024-06-03T08:22:11","slug":"sistema-intern-dinformacio","status":"publish","type":"page","link":"https:\/\/aficine.com\/ca\/sistema-intern-dinformacio\/","title":{"rendered":"Sistema intern d&#8217;informaci\u00f3"},"content":{"rendered":"<div class=\"wpb-content-wrapper\"><p>[vc_row css=&#8221;.vc_custom_1717399345807{padding-top: 25px !important;padding-right: 15px !important;padding-bottom: 25px !important;padding-left: 15px !important;}&#8221;][vc_column][vc_column_text]<\/p>\n<p class=\"western\" align=\"left\"><span style=\"font-size: 20px; font-family: 'Roboto';\"><b>Pol\u00edtiques del sistema intern d&#8217;informaci\u00f3.  <\/b><\/span><\/p>\n<p class=\"western\">El Sistema Intern d&#8217;Informaci\u00f3 de COMPANYIA BALEAR EXHIBICI\u00d3 CINEMATROGR\u00c0FICA SL \u00e9s la llera per comunicar, de forma confidencial i efectiva, qualsevol informaci\u00f3 sobre fets irregulars comesos per COMPANYIA BALEAR EXHIBICI\u00d3 CINEMATROGR\u00c0FICA SL o el seu personal, que hagin estat coneguts en el marc d&#8217;una relaci\u00f3 o professional mantinguda amb la nostra organitzaci\u00f3 de conformitat amb el que disposa la Llei 2\/2023, de 20 de febrer.<\/p>\n<p class=\"western\">L&#8217;organitzaci\u00f3 ha configurat el sistema intern d&#8217;informaci\u00f3 a trav\u00e9s dels canals seg\u00fcents:<\/p>\n<p class=\"western\" align=\"left\">Per escrit:<\/p>\n<ul>\n<li>A trav\u00e9s del correu electr\u00f2nic: comunicaciones@grupoaficine.com<\/li>\n<li>A trav\u00e9s de correu postal, dirigit al Responsable del Sistema intern d&#8217;informaci\u00f3 de l&#8217;organitzaci\u00f3 COMPANYIA BALEAR EXHIBICI\u00d3 CINEMATROGR\u00c0FICA SL al CARRER BISBE PERE PUIGDORFILA N\u00ba1, 07010, PALMA DE MALLORCA, BALEARS.<\/li>\n<\/ul>\n<p class=\"western\" align=\"left\"><strong style=\"font-size: 20px; font-family: 'Roboto';\">Verbalment:<\/strong><\/p>\n<p class=\"western\" align=\"left\">A trav\u00e9s de la b\u00fastia de veu: 606593405<\/p>\n<p class=\"western\">A sol\u00b7licitud de l&#8217;informant, tamb\u00e9 es podr\u00e0 presentar la informaci\u00f3 mitjan\u00e7ant una reuni\u00f3 presencial amb el Responsable del Sistema, dins del termini m\u00e0xim de set dies, des de la presentaci\u00f3 de la sol\u00b7licitud.<\/p>\n<p class=\"western\">-Al marge d&#8217;aquests canals es poden interposar comunicacions davant dels canals externs d&#8217;informaci\u00f3 de les autoritats competents.<\/p>\n<p class=\"western\">-Rebuda la den\u00fancia, el responsable del Sistema intern d&#8217;informaci\u00f3 comunicar\u00e0 el justificant de recepci\u00f3 de la den\u00fancia al denunciant en un termini inferior a 7 dies \u2013en els sup\u00f2sits de den\u00fancies nominals-. En qualsevol cas, s&#8217;informar\u00e0 el denunciant dels drets i les obligacions establerts per la normativa de protecci\u00f3 de dades de car\u00e0cter personal.<\/p>\n<p class=\"western\">-El responsable del Sistema intern dinformaci\u00f3, emetr\u00e0 un informe motivat que estimar\u00e0 o desestimar\u00e0 la comunicaci\u00f3 interposada, justificant, en qualsevol cas, la decisi\u00f3 adoptada. L&#8217;informe es notificar\u00e0 a l&#8217;informant ia la persona afectada en un termini de m\u00e0xim de 3 mesos a partir del venciment del termini de set dies despr\u00e9s d&#8217;efectuar-se la comunicaci\u00f3, llevat de casos d&#8217;especial complexitat que requereixin una ampliaci\u00f3 del termini, cas en qu\u00e8 aquest es pot estendre fins a un m\u00e0xim de tres mesos addicionals m\u00e9s.<\/p>\n<p class=\"western\">-Durant la tramitaci\u00f3 de la den\u00fancia es pot mantenir la comunicaci\u00f3 i el contacte amb l&#8217;informant\/denunciant i, si es considera necessari, de sol\u00b7licitar a la persona informant informaci\u00f3 addicional.<\/p>\n<p class=\"western\">-Es garanteix que la persona afectada per la informaci\u00f3 o den\u00fancia en tingui not\u00edcia, aix\u00ed com dels fets relatats de manera succinta. Addicionalment se us informar\u00e0 del dret que t\u00e9 a presentar al\u00b7legacions per escrit i del tractament de les vostres dades personals. Aix\u00f2 no obstant, aquesta informaci\u00f3 es pot efectuar en el tr\u00e0mit d&#8217;audi\u00e8ncia si es considera que la seva aportaci\u00f3 amb anterioritat pogu\u00e9s facilitar l&#8217;ocultaci\u00f3, la destrucci\u00f3 o l&#8217;alteraci\u00f3 de les proves.<\/p>\n<p class=\"western\">-El responsable del Sistema intern dinformaci\u00f3\/Canal de den\u00fancies garanteix la confidencialitat a tots aquells que utilitzin el Sistema intern dinformaci\u00f3\/Canal de den\u00fancies. A m\u00e9s, garanteix la confidencialitat quan la comunicaci\u00f3 sigui remesa per canals de den\u00fancia que no siguin els establerts oa membres del personal no responsable del seu tractament.<\/p>\n<p class=\"western\">-Durant la tramitaci\u00f3 de lexpedient les persones afectades per la comunicaci\u00f3 tindran dret a la presumpci\u00f3 dinnoc\u00e8ncia, al dret de defensa i al dret dacc\u00e9s a lexpedient, aix\u00ed com a la mateixa protecci\u00f3 establerta per als informants, preservant-se la seva identitat i garantint-se la confidencialitat dels fets i dades del procediment.<\/p>\n<p class=\"western\">-Els tractaments de dades personals que derivin de l&#8217;aplicaci\u00f3 d&#8217;aquest procediment es regiran pel que disposa el Reglament (UE) 2016\/679 del Parlament Europeu i del Consell, de 27 d&#8217;abril de 2016, a la Llei Org\u00e0nica 3\/2018, de 5 de desembre, de Protecci\u00f3 de Dades Personals i garantia dels drets digitals, a la Llei Org\u00e0nica 7\/2021, de 26 de maig, de protecci\u00f3 de dades personals tractades per a fins de prevenci\u00f3, detecci\u00f3, investigaci\u00f3 i enjudiciament d&#8217;infraccions penals i d&#8217;execuci\u00f3 de sancions penals.<\/p>\n<p class=\"western\">-El responsable del Sistema intern d&#8217;informaci\u00f3\/canal de den\u00fancies remetr\u00e0 amb car\u00e0cter immediat la informaci\u00f3 al Ministeri Fiscal quan els fets poguessin ser indici\u00e0riament constitutius de delicte oa la Fiscalia Europea en el cas que els fets afectin els interessos financers de la Uni\u00f3 Europea .<\/p>\n<p class=\"western\">-L&#8217;organitzaci\u00f3 garanteix l&#8217;abs\u00e8ncia de repres\u00e0lies contra qualsevol que, posi en el seu coneixement una possible conducta il\u00b7l\u00edcita o hagi comunicat un incompliment normatiu o col\u00b7labori en la investigaci\u00f3 o ajudi a resoldre-la.<\/p>\n<p class=\"western\">-Les persones que comuniquin o revelin infraccions recollides a l&#8217;Art.2 de la Llei 2\/2023, de 20 de febrer i d&#8217;accions o omissions que puguin ser constitutives d&#8217;infracci\u00f3 penal o administrativa greu o molt greu, tindran dret a les mesures de protecci\u00f3 sempre que concorrin les condicions recollides a l&#8217;article 35 de la norma esmentada. Les mesures de protecci\u00f3 apareixen recollides a l&#8217;article 38 de la Llei 2\/2023, de 20 de febrer.<\/p>\n<p class=\"western\">-La den\u00fancia o informaci\u00f3 ser\u00e0 custodiada a les depend\u00e8ncies de l&#8217;organitzaci\u00f3 de conformitat amb la seva pol\u00edtica d&#8217;arxiu i conservaci\u00f3 de documents.<\/p>\n<p class=\"western\">-Lorganitzaci\u00f3 disposa dun registre de totes les den\u00fancies rebudes. Les den\u00fancies es conservaran \u00fanicament durant el per\u00edode que sigui necessari i proporcionat a l&#8217;efecte de complir els requisits imposats per la Llei 2\/2023, de 20 de febrer, reguladora de la protecci\u00f3 de les persones que informin sobre infraccions normatives i de lluita contra la corrupci\u00f3 i de conformitat amb el que disposa l&#8217;article 24 i la resta d&#8217;articles aplicables de la Llei org\u00e0nica 3\/2018, de 5 de desembre, de protecci\u00f3 de dades personals i garantia dels drets digitals.<\/p>\n<p>[\/vc_column_text][\/vc_column][\/vc_row]<\/p>\n<\/div>","protected":false},"excerpt":{"rendered":"<p>[vc_row css=&#8221;.vc_custom_1717399345807{padding-top: 25px !important;padding-right: 15px !important;padding-bottom: 25px !important;padding-left: 15px !important;}&#8221;][vc_column][vc_column_text] Pol\u00edtiques del sistema intern d&#8217;informaci\u00f3. El Sistema Intern d&#8217;Informaci\u00f3 de COMPANYIA BALEAR EXHIBICI\u00d3 CINEMATROGR\u00c0FICA SL \u00e9s la llera per comunicar, de forma confidencial i efectiva, qualsevol informaci\u00f3 sobre fets irregulars comesos per COMPANYIA BALEAR EXHIBICI\u00d3 CINEMATROGR\u00c0FICA SL o el seu personal, que hagin estat coneguts [&hellip;]<\/p>\n","protected":false},"author":1,"featured_media":0,"parent":0,"menu_order":0,"comment_status":"closed","ping_status":"closed","template":"","meta":{"_acf_changed":false,"footnotes":""},"class_list":["post-95833","page","type-page","status-publish","hentry"],"acf":[],"_links":{"self":[{"href":"https:\/\/aficine.com\/ca\/wp-json\/wp\/v2\/pages\/95833","targetHints":{"allow":["GET"]}}],"collection":[{"href":"https:\/\/aficine.com\/ca\/wp-json\/wp\/v2\/pages"}],"about":[{"href":"https:\/\/aficine.com\/ca\/wp-json\/wp\/v2\/types\/page"}],"author":[{"embeddable":true,"href":"https:\/\/aficine.com\/ca\/wp-json\/wp\/v2\/users\/1"}],"replies":[{"embeddable":true,"href":"https:\/\/aficine.com\/ca\/wp-json\/wp\/v2\/comments?post=95833"}],"version-history":[{"count":0,"href":"https:\/\/aficine.com\/ca\/wp-json\/wp\/v2\/pages\/95833\/revisions"}],"wp:attachment":[{"href":"https:\/\/aficine.com\/ca\/wp-json\/wp\/v2\/media?parent=95833"}],"curies":[{"name":"wp","href":"https:\/\/api.w.org\/{rel}","templated":true}]}}