{"id":97379,"date":"2024-07-17T14:20:26","date_gmt":"2024-07-17T13:20:26","guid":{"rendered":"https:\/\/www.aficine.com\/?page_id=97379"},"modified":"2024-07-17T15:39:11","modified_gmt":"2024-07-17T14:39:11","slug":"dolby-atmos","status":"publish","type":"page","link":"https:\/\/aficine.com\/ca\/dolby-atmos\/","title":{"rendered":"Dolby ATMOS"},"content":{"rendered":"<div class=\"wpb-content-wrapper\"><p>[vc_row][vc_column css=&#8221;.vc_custom_1712133242051{margin-top: 50px !important;}&#8221;][vc_column_text]<\/p>\n<h3><span style=\"color: #ffffff;\"><strong>Visiteu les nostres sales amb tecnologia Dolby ATMOS i gaudiu d&#8217;una experi\u00e8ncia d&#8217;\u00e0udio immersiva. Submergeix-te en la hist\u00f2ria amb el so que t&#8217;envolta.<\/strong> <\/span><\/h3>\n<p><span style=\"color: #ffffff;\"><strong>So Dolby ATMOS <\/strong><\/span><\/p>\n<p><span style=\"color: #ffffff;\">Un gran aven\u00e7 des del so surround, Dolby Atmos us transporta a la hist\u00f2ria amb un so tridimensional d&#8217;una claredat sense precedents. Aquesta tecnologia permet la col\u00b7locaci\u00f3 ultraprecisa d&#8217;objectes sonors a qualsevol lloc de la sala, fins i tot per sobre del teu cap, per crear un paisatge sonor realista i immersiu.<\/span>[\/vc_column_text][\/vc_column][\/vc_row][vc_row css=&#8221;.vc_custom_1721223983621{margin-top: 50px !important;}&#8221;][vc_column][vc_video link=&#8221;https:\/\/www.youtube.com\/watch?v=MptDo59uICk&amp;ab_channel=Dolby&#8221; align=&#8221;center&#8221;][\/vc_column][\/vc_row]<\/p>\n<\/div>","protected":false},"excerpt":{"rendered":"<p>[vc_row][vc_column css=&#8221;.vc_custom_1712133242051{margin-top: 50px !important;}&#8221;][vc_column_text] Visiteu les nostres sales amb tecnologia Dolby ATMOS i gaudiu d&#8217;una experi\u00e8ncia d&#8217;\u00e0udio immersiva. Submergeix-te en la hist\u00f2ria amb el so que t&#8217;envolta. So Dolby ATMOS Un gran aven\u00e7 des del so surround, Dolby Atmos us transporta a la hist\u00f2ria amb un so tridimensional d&#8217;una claredat sense precedents. Aquesta tecnologia permet [&hellip;]<\/p>\n","protected":false},"author":1,"featured_media":0,"parent":0,"menu_order":0,"comment_status":"closed","ping_status":"closed","template":"","meta":{"_acf_changed":false,"footnotes":""},"class_list":["post-97379","page","type-page","status-publish","hentry"],"acf":[],"_links":{"self":[{"href":"https:\/\/aficine.com\/ca\/wp-json\/wp\/v2\/pages\/97379","targetHints":{"allow":["GET"]}}],"collection":[{"href":"https:\/\/aficine.com\/ca\/wp-json\/wp\/v2\/pages"}],"about":[{"href":"https:\/\/aficine.com\/ca\/wp-json\/wp\/v2\/types\/page"}],"author":[{"embeddable":true,"href":"https:\/\/aficine.com\/ca\/wp-json\/wp\/v2\/users\/1"}],"replies":[{"embeddable":true,"href":"https:\/\/aficine.com\/ca\/wp-json\/wp\/v2\/comments?post=97379"}],"version-history":[{"count":0,"href":"https:\/\/aficine.com\/ca\/wp-json\/wp\/v2\/pages\/97379\/revisions"}],"wp:attachment":[{"href":"https:\/\/aficine.com\/ca\/wp-json\/wp\/v2\/media?parent=97379"}],"curies":[{"name":"wp","href":"https:\/\/api.w.org\/{rel}","templated":true}]}}